{"id":44,"date":"2024-07-13T23:02:07","date_gmt":"2024-07-13T21:02:07","guid":{"rendered":"https:\/\/joschwa.sebi-it.ch\/?page_id=44"},"modified":"2025-10-06T20:48:34","modified_gmt":"2025-10-06T18:48:34","slug":"beachfeld","status":"publish","type":"page","link":"https:\/\/joschwa.ch\/index.php\/beachfeld\/","title":{"rendered":"Beachfeld"},"content":{"rendered":"\n<div class=\"wp-block-media-text is-stacked-on-mobile\"><figure class=\"wp-block-media-text__media\"><img loading=\"lazy\" decoding=\"async\" width=\"1024\" height=\"768\" src=\"https:\/\/joschwa.sebi-it.ch\/wp-content\/uploads\/2024\/07\/Beachfeld-topdown-1024x768.jpeg\" alt=\"\" class=\"wp-image-45 size-full\" srcset=\"https:\/\/joschwa.ch\/wp-content\/uploads\/2024\/07\/Beachfeld-topdown-1024x768.jpeg 1024w, https:\/\/joschwa.ch\/wp-content\/uploads\/2024\/07\/Beachfeld-topdown-300x225.jpeg 300w, https:\/\/joschwa.ch\/wp-content\/uploads\/2024\/07\/Beachfeld-topdown-768x576.jpeg 768w, https:\/\/joschwa.ch\/wp-content\/uploads\/2024\/07\/Beachfeld-topdown-1536x1152.jpeg 1536w, https:\/\/joschwa.ch\/wp-content\/uploads\/2024\/07\/Beachfeld-topdown-2048x1536.jpeg 2048w\" sizes=\"auto, (max-width: 1024px) 100vw, 1024px\" \/><\/figure><div class=\"wp-block-media-text__content\">\n<p class=\"has-regular-font-size\">Unser Verein verf\u00fcgt \u00fcber 2 Beachfelder bei der Schulanlage Oberstufenzentrum Degenau in Jonschwil.<\/p>\n\n\n\n<p class=\"has-regular-font-size\">Es besteht die M\u00f6glichkeit, eines der beiden Felder zu reservieren. Das andere Feld bleibt in der Regel frei f\u00fcr spontane Besucher. Ausnahmen k\u00f6nnen vereinbart werden.<\/p>\n\n\n\n<p class=\"has-regular-font-size\">Dienstag&nbsp;Abend ist&nbsp;ein Feld ab 19.00 Uhr und&nbsp;Freitag&nbsp;Abend sind&nbsp;beide Felder ab 19.00 Uhr&nbsp;f\u00fcr unseren Verein reserviert!<\/p>\n\n\n\n<p class=\"has-regular-font-size\">Sind die Felder jedoch nicht belegt, k\u00f6nnen spontane Besucher die Felder selbstverst\u00e4ndlich ben\u00fctzen.<\/p>\n<\/div><\/div>\n\n\n\n<div class=\"wp-block-media-text has-media-on-the-right is-stacked-on-mobile\"><div class=\"wp-block-media-text__content\">\n<p>Damit die Felder immer in gutem Zustand bleiben, w\u00fcrden wir uns freuen, wenn jeder Ben\u00fctzer einen kleinen, freiwilligen Beitrag leistet: 1 SFr.- \/ Person<\/p>\n\n\n\n<p>F\u00fcr Gruppenreservationen: Pauschal 10 SFr.- F\u00fcr die Bezahlung steht eine Beachkasse beim Beachfeld oder TWINT zur Verf\u00fcgung.<br>(TWINT SYMBOL RAISENOW)<\/p>\n<\/div><figure class=\"wp-block-media-text__media\"><img loading=\"lazy\" decoding=\"async\" width=\"640\" height=\"480\" src=\"https:\/\/joschwa.sebi-it.ch\/wp-content\/uploads\/2024\/07\/Beachfeld-spenden.jpeg\" alt=\"\" class=\"wp-image-46 size-full\" srcset=\"https:\/\/joschwa.ch\/wp-content\/uploads\/2024\/07\/Beachfeld-spenden.jpeg 640w, https:\/\/joschwa.ch\/wp-content\/uploads\/2024\/07\/Beachfeld-spenden-300x225.jpeg 300w\" sizes=\"auto, (max-width: 640px) 100vw, 640px\" \/><\/figure><\/div>\n\n\n\n<hr class=\"wp-block-separator has-alpha-channel-opacity is-style-wide\"\/>\n\n\n\n<div class=\"wp-block-columns is-layout-flex wp-container-core-columns-is-layout-28f84493 wp-block-columns-is-layout-flex\">\n<div class=\"wp-block-column is-layout-flow wp-block-column-is-layout-flow\"><style id=\"wpforms-css-vars-176-block-23b38a97-ba33-412c-9d0d-f5198a337d96\">\n\t\t\t\t#wpforms-176.wpforms-block-23b38a97-ba33-412c-9d0d-f5198a337d96 {\n\t\t\t\t--wpforms-field-size-input-height: 43px;\n--wpforms-field-size-input-spacing: 15px;\n--wpforms-field-size-font-size: 16px;\n--wpforms-field-size-line-height: 19px;\n--wpforms-field-size-padding-h: 14px;\n--wpforms-field-size-checkbox-size: 16px;\n--wpforms-field-size-sublabel-spacing: 5px;\n--wpforms-field-size-icon-size: 1;\n--wpforms-label-size-font-size: 16px;\n--wpforms-label-size-line-height: 19px;\n--wpforms-label-size-sublabel-font-size: 14px;\n--wpforms-label-size-sublabel-line-height: 17px;\n--wpforms-button-size-font-size: 17px;\n--wpforms-button-size-height: 41px;\n--wpforms-button-size-padding-h: 15px;\n--wpforms-button-size-margin-top: 10px;\n\t\t\t}\n\t\t\t<\/style><div class=\"wpforms-container wpforms-container-full wpforms-block wpforms-block-23b38a97-ba33-412c-9d0d-f5198a337d96 wpforms-render-modern\" id=\"wpforms-176\"><form id=\"wpforms-form-176\" class=\"wpforms-validate wpforms-form wpforms-ajax-form\" data-formid=\"176\" method=\"post\" enctype=\"multipart\/form-data\" action=\"\/index.php\/wp-json\/wp\/v2\/pages\/44\" data-token=\"668e297a26e1baa8c69946488f545b1a\" data-token-time=\"1775537368\"><div class=\"wpforms-head-container\"><div class=\"wpforms-title\">Ben\u00fctzungsgesuch Beachvolleyballfeld<\/div><\/div><noscript class=\"wpforms-error-noscript\">Bitte aktivieren Sie JavaScript in Ihrem Browser, um dieses Formular fertigzustellen.<\/noscript><div id=\"wpforms-error-noscript\" style=\"display: none;\">Bitte aktivieren Sie JavaScript in Ihrem Browser, um dieses Formular fertigzustellen.<\/div><div class=\"wpforms-field-container\">\t\t<div id=\"wpforms-176-field_6-container\"\n\t\t\tclass=\"wpforms-field wpforms-field-text\"\n\t\t\tdata-field-type=\"text\"\n\t\t\tdata-field-id=\"6\"\n\t\t\t>\n\t\t\t<label class=\"wpforms-field-label\" for=\"wpforms-176-field_6\" >Datum Telefon Uhrzeit<\/label>\n\t\t\t<input type=\"text\" id=\"wpforms-176-field_6\" class=\"wpforms-field-medium\" name=\"wpforms[fields][6]\" >\n\t\t<\/div>\n\t\t<div id=\"wpforms-176-field_1-container\" class=\"wpforms-field wpforms-field-text\" data-field-id=\"1\"><label class=\"wpforms-field-label\" for=\"wpforms-176-field_1\">Verein \/ Organisation <span class=\"wpforms-required-label\" aria-hidden=\"true\">*<\/span><\/label><input type=\"text\" id=\"wpforms-176-field_1\" class=\"wpforms-field-large wpforms-field-required\" name=\"wpforms[fields][1]\" aria-errormessage=\"wpforms-176-field_1-error\" required><\/div><div id=\"wpforms-176-field_2-container\" class=\"wpforms-field wpforms-field-text\" data-field-id=\"2\"><label class=\"wpforms-field-label\" for=\"wpforms-176-field_2\">Kontaktperson <span class=\"wpforms-required-label\" aria-hidden=\"true\">*<\/span><\/label><input type=\"text\" id=\"wpforms-176-field_2\" class=\"wpforms-field-large wpforms-field-required\" name=\"wpforms[fields][2]\" aria-errormessage=\"wpforms-176-field_2-error\" required><\/div><div id=\"wpforms-176-field_3-container\" class=\"wpforms-field wpforms-field-text\" data-field-id=\"3\"><label class=\"wpforms-field-label\" for=\"wpforms-176-field_3\">Adresse<\/label><input type=\"text\" id=\"wpforms-176-field_3\" class=\"wpforms-field-large\" name=\"wpforms[fields][3]\" aria-errormessage=\"wpforms-176-field_3-error\" ><\/div><div id=\"wpforms-176-field_4-container\" class=\"wpforms-field wpforms-field-text\" data-field-id=\"4\"><label class=\"wpforms-field-label\" for=\"wpforms-176-field_4\">PLZ \/ Ort<\/label><input type=\"text\" id=\"wpforms-176-field_4\" class=\"wpforms-field-large\" name=\"wpforms[fields][4]\" aria-errormessage=\"wpforms-176-field_4-error\" ><\/div><div id=\"wpforms-176-field_5-container\" class=\"wpforms-field wpforms-field-text\" data-field-id=\"5\"><label class=\"wpforms-field-label\" for=\"wpforms-176-field_5\">Telefon <span class=\"wpforms-required-label\" aria-hidden=\"true\">*<\/span><\/label><input type=\"text\" id=\"wpforms-176-field_5\" class=\"wpforms-field-large wpforms-field-required\" name=\"wpforms[fields][5]\" aria-errormessage=\"wpforms-176-field_5-error\" required><\/div><div id=\"wpforms-176-field_7-container\" class=\"wpforms-field wpforms-field-text\" data-field-id=\"7\"><label class=\"wpforms-field-label\" for=\"wpforms-176-field_7\">E-Mail<\/label><input type=\"text\" id=\"wpforms-176-field_7\" class=\"wpforms-field-large\" name=\"wpforms[fields][7]\" aria-errormessage=\"wpforms-176-field_7-error\" ><\/div><div id=\"wpforms-176-field_8-container\" class=\"wpforms-field wpforms-field-text\" data-field-id=\"8\"><label class=\"wpforms-field-label\" for=\"wpforms-176-field_8\">Datum <span class=\"wpforms-required-label\" aria-hidden=\"true\">*<\/span><\/label><input type=\"text\" id=\"wpforms-176-field_8\" class=\"wpforms-field-large wpforms-field-required\" name=\"wpforms[fields][8]\" aria-errormessage=\"wpforms-176-field_8-error\" required><\/div><div id=\"wpforms-176-field_9-container\" class=\"wpforms-field wpforms-field-text\" data-field-id=\"9\"><label class=\"wpforms-field-label\" for=\"wpforms-176-field_9\">Uhrzeit von-bis (max.2 Std.): <span class=\"wpforms-required-label\" aria-hidden=\"true\">*<\/span><\/label><input type=\"text\" id=\"wpforms-176-field_9\" class=\"wpforms-field-large wpforms-field-required\" name=\"wpforms[fields][9]\" aria-errormessage=\"wpforms-176-field_9-error\" required><\/div><script>\n\t\t\t\t( function() {\n\t\t\t\t\tconst style = document.createElement( 'style' );\n\t\t\t\t\tstyle.appendChild( document.createTextNode( '#wpforms-176-field_6-container { position: absolute !important; overflow: hidden !important; display: inline !important; height: 1px !important; width: 1px !important; z-index: -1000 !important; padding: 0 !important; } #wpforms-176-field_6-container input { visibility: hidden; } #wpforms-conversational-form-page #wpforms-176-field_6-container label { counter-increment: none; }' ) );\n\t\t\t\t\tdocument.head.appendChild( style );\n\t\t\t\t\tdocument.currentScript?.remove();\n\t\t\t\t} )();\n\t\t\t<\/script><\/div><!-- .wpforms-field-container --><div class=\"wpforms-submit-container\" ><input type=\"hidden\" name=\"wpforms[id]\" value=\"176\"><input type=\"hidden\" name=\"page_title\" value=\"\"><input type=\"hidden\" name=\"page_url\" value=\"https:\/\/joschwa.ch\/index.php\/wp-json\/wp\/v2\/pages\/44\"><input type=\"hidden\" name=\"url_referer\" value=\"\"><button type=\"submit\" name=\"wpforms[submit]\" id=\"wpforms-submit-176\" class=\"wpforms-submit\" data-alt-text=\"Senden\u2026\" data-submit-text=\"Absenden\" aria-live=\"assertive\" value=\"wpforms-submit\">Absenden<\/button><img loading=\"lazy\" decoding=\"async\" src=\"https:\/\/joschwa.ch\/wp-content\/plugins\/wpforms-lite\/assets\/images\/submit-spin.svg\" class=\"wpforms-submit-spinner\" style=\"display: none;\" width=\"26\" height=\"26\" alt=\"Wird geladen\"><\/div><\/form><\/div>  <!-- .wpforms-container --><\/div>\n\n\n\n<div class=\"wp-block-column is-layout-flow wp-block-column-is-layout-flow\">\n<iframe loading=\"lazy\" src=\"https:\/\/calendar.google.com\/calendar\/embed?height=600&amp;wkst=1&amp;bgcolor=%23ffffff&amp;ctz=Europe%2FZurich&amp;src=ZDJiZzRmZnBycmhrMThtdDFuOGY1OHRyamNAZ3JvdXAuY2FsZW5kYXIuZ29vZ2xlLmNvbQ&amp;color=%237986CB\" style=\"border-width:0\" width=\"800\" height=\"600\" frameborder=\"0\"><\/iframe>\n<\/div>\n<\/div>\n","protected":false},"excerpt":{"rendered":"<p>Unser Verein verf\u00fcgt \u00fcber 2 Beachfelder bei der Schulanlage Oberstufenzentrum Degenau in Jonschwil. Es besteht die M\u00f6glichkeit, eines der beiden Felder zu reservieren. Das andere Feld bleibt in der Regel frei f\u00fcr spontane Besucher. Ausnahmen k\u00f6nnen vereinbart werden. Dienstag&nbsp;Abend ist&nbsp;ein Feld ab 19.00 Uhr und&nbsp;Freitag&nbsp;Abend sind&nbsp;beide Felder ab 19.00 Uhr&nbsp;f\u00fcr [&hellip;]<\/p>\n","protected":false},"author":1,"featured_media":45,"parent":0,"menu_order":0,"comment_status":"closed","ping_status":"closed","template":"","meta":{"footnotes":""},"class_list":["post-44","page","type-page","status-publish","has-post-thumbnail","hentry"],"yoast_head":"<!-- This site is optimized with the Yoast SEO plugin v27.3 - https:\/\/yoast.com\/product\/yoast-seo-wordpress\/ -->\n<title>Beachfeld - Volley Joschwa<\/title>\n<meta name=\"robots\" content=\"index, follow, max-snippet:-1, max-image-preview:large, max-video-preview:-1\" \/>\n<link rel=\"canonical\" href=\"https:\/\/joschwa.ch\/index.php\/beachfeld\/\" \/>\n<meta property=\"og:locale\" content=\"de_DE\" \/>\n<meta property=\"og:type\" content=\"article\" \/>\n<meta property=\"og:title\" content=\"Beachfeld - Volley Joschwa\" \/>\n<meta property=\"og:description\" content=\"Unser Verein verf\u00fcgt \u00fcber 2 Beachfelder bei der Schulanlage Oberstufenzentrum Degenau in Jonschwil. Es besteht die M\u00f6glichkeit, eines der beiden Felder zu reservieren. Das andere Feld bleibt in der Regel frei f\u00fcr spontane Besucher. Ausnahmen k\u00f6nnen vereinbart werden. Dienstag&nbsp;Abend ist&nbsp;ein Feld ab 19.00 Uhr und&nbsp;Freitag&nbsp;Abend sind&nbsp;beide Felder ab 19.00 Uhr&nbsp;f\u00fcr [&hellip;]\" \/>\n<meta property=\"og:url\" content=\"https:\/\/joschwa.ch\/index.php\/beachfeld\/\" \/>\n<meta property=\"og:site_name\" content=\"Volley Joschwa\" \/>\n<meta property=\"article:modified_time\" content=\"2025-10-06T18:48:34+00:00\" \/>\n<meta property=\"og:image\" content=\"https:\/\/joschwa.ch\/wp-content\/uploads\/2024\/07\/Beachfeld-topdown-scaled.jpeg\" \/>\n\t<meta property=\"og:image:width\" content=\"2560\" \/>\n\t<meta property=\"og:image:height\" content=\"1920\" \/>\n\t<meta property=\"og:image:type\" content=\"image\/jpeg\" \/>\n<meta name=\"twitter:card\" content=\"summary_large_image\" \/>\n<meta name=\"twitter:label1\" content=\"Gesch\u00e4tzte Lesezeit\" \/>\n\t<meta name=\"twitter:data1\" content=\"2\u00a0Minuten\" \/>\n<script type=\"application\/ld+json\" class=\"yoast-schema-graph\">{\"@context\":\"https:\\\/\\\/schema.org\",\"@graph\":[{\"@type\":\"WebPage\",\"@id\":\"https:\\\/\\\/joschwa.ch\\\/index.php\\\/beachfeld\\\/\",\"url\":\"https:\\\/\\\/joschwa.ch\\\/index.php\\\/beachfeld\\\/\",\"name\":\"Beachfeld - Volley Joschwa\",\"isPartOf\":{\"@id\":\"https:\\\/\\\/joschwa.ch\\\/#website\"},\"primaryImageOfPage\":{\"@id\":\"https:\\\/\\\/joschwa.ch\\\/index.php\\\/beachfeld\\\/#primaryimage\"},\"image\":{\"@id\":\"https:\\\/\\\/joschwa.ch\\\/index.php\\\/beachfeld\\\/#primaryimage\"},\"thumbnailUrl\":\"https:\\\/\\\/joschwa.ch\\\/wp-content\\\/uploads\\\/2024\\\/07\\\/Beachfeld-topdown-scaled.jpeg\",\"datePublished\":\"2024-07-13T21:02:07+00:00\",\"dateModified\":\"2025-10-06T18:48:34+00:00\",\"breadcrumb\":{\"@id\":\"https:\\\/\\\/joschwa.ch\\\/index.php\\\/beachfeld\\\/#breadcrumb\"},\"inLanguage\":\"de-CH\",\"potentialAction\":[{\"@type\":\"ReadAction\",\"target\":[\"https:\\\/\\\/joschwa.ch\\\/index.php\\\/beachfeld\\\/\"]}]},{\"@type\":\"ImageObject\",\"inLanguage\":\"de-CH\",\"@id\":\"https:\\\/\\\/joschwa.ch\\\/index.php\\\/beachfeld\\\/#primaryimage\",\"url\":\"https:\\\/\\\/joschwa.ch\\\/wp-content\\\/uploads\\\/2024\\\/07\\\/Beachfeld-topdown-scaled.jpeg\",\"contentUrl\":\"https:\\\/\\\/joschwa.ch\\\/wp-content\\\/uploads\\\/2024\\\/07\\\/Beachfeld-topdown-scaled.jpeg\",\"width\":2560,\"height\":1920,\"caption\":\"DCIM\\\\100MEDIA\\\\DJI_0399.JPG\"},{\"@type\":\"BreadcrumbList\",\"@id\":\"https:\\\/\\\/joschwa.ch\\\/index.php\\\/beachfeld\\\/#breadcrumb\",\"itemListElement\":[{\"@type\":\"ListItem\",\"position\":1,\"name\":\"Startseite\",\"item\":\"https:\\\/\\\/joschwa.ch\\\/\"},{\"@type\":\"ListItem\",\"position\":2,\"name\":\"Beachfeld\"}]},{\"@type\":\"WebSite\",\"@id\":\"https:\\\/\\\/joschwa.ch\\\/#website\",\"url\":\"https:\\\/\\\/joschwa.ch\\\/\",\"name\":\"Volley Joschwa\",\"description\":\"dein regionaler Volleyballverein\",\"publisher\":{\"@id\":\"https:\\\/\\\/joschwa.ch\\\/#organization\"},\"alternateName\":\"Volleyballverein in der Ostschweiz\",\"potentialAction\":[{\"@type\":\"SearchAction\",\"target\":{\"@type\":\"EntryPoint\",\"urlTemplate\":\"https:\\\/\\\/joschwa.ch\\\/?s={search_term_string}\"},\"query-input\":{\"@type\":\"PropertyValueSpecification\",\"valueRequired\":true,\"valueName\":\"search_term_string\"}}],\"inLanguage\":\"de-CH\"},{\"@type\":\"Organization\",\"@id\":\"https:\\\/\\\/joschwa.ch\\\/#organization\",\"name\":\"Volley Joschwa\",\"url\":\"https:\\\/\\\/joschwa.ch\\\/\",\"logo\":{\"@type\":\"ImageObject\",\"inLanguage\":\"de-CH\",\"@id\":\"https:\\\/\\\/joschwa.ch\\\/#\\\/schema\\\/logo\\\/image\\\/\",\"url\":\"https:\\\/\\\/joschwa.sebi-it.ch\\\/wp-content\\\/uploads\\\/2024\\\/05\\\/cropped-Joschwa-Logo.png\",\"contentUrl\":\"https:\\\/\\\/joschwa.sebi-it.ch\\\/wp-content\\\/uploads\\\/2024\\\/05\\\/cropped-Joschwa-Logo.png\",\"width\":512,\"height\":512,\"caption\":\"Volley Joschwa\"},\"image\":{\"@id\":\"https:\\\/\\\/joschwa.ch\\\/#\\\/schema\\\/logo\\\/image\\\/\"}}]}<\/script>\n<!-- \/ Yoast SEO plugin. -->","yoast_head_json":{"title":"Beachfeld - Volley Joschwa","robots":{"index":"index","follow":"follow","max-snippet":"max-snippet:-1","max-image-preview":"max-image-preview:large","max-video-preview":"max-video-preview:-1"},"canonical":"https:\/\/joschwa.ch\/index.php\/beachfeld\/","og_locale":"de_DE","og_type":"article","og_title":"Beachfeld - Volley Joschwa","og_description":"Unser Verein verf\u00fcgt \u00fcber 2 Beachfelder bei der Schulanlage Oberstufenzentrum Degenau in Jonschwil. Es besteht die M\u00f6glichkeit, eines der beiden Felder zu reservieren. Das andere Feld bleibt in der Regel frei f\u00fcr spontane Besucher. Ausnahmen k\u00f6nnen vereinbart werden. Dienstag&nbsp;Abend ist&nbsp;ein Feld ab 19.00 Uhr und&nbsp;Freitag&nbsp;Abend sind&nbsp;beide Felder ab 19.00 Uhr&nbsp;f\u00fcr [&hellip;]","og_url":"https:\/\/joschwa.ch\/index.php\/beachfeld\/","og_site_name":"Volley Joschwa","article_modified_time":"2025-10-06T18:48:34+00:00","og_image":[{"width":2560,"height":1920,"url":"https:\/\/joschwa.ch\/wp-content\/uploads\/2024\/07\/Beachfeld-topdown-scaled.jpeg","type":"image\/jpeg"}],"twitter_card":"summary_large_image","twitter_misc":{"Gesch\u00e4tzte Lesezeit":"2\u00a0Minuten"},"schema":{"@context":"https:\/\/schema.org","@graph":[{"@type":"WebPage","@id":"https:\/\/joschwa.ch\/index.php\/beachfeld\/","url":"https:\/\/joschwa.ch\/index.php\/beachfeld\/","name":"Beachfeld - Volley Joschwa","isPartOf":{"@id":"https:\/\/joschwa.ch\/#website"},"primaryImageOfPage":{"@id":"https:\/\/joschwa.ch\/index.php\/beachfeld\/#primaryimage"},"image":{"@id":"https:\/\/joschwa.ch\/index.php\/beachfeld\/#primaryimage"},"thumbnailUrl":"https:\/\/joschwa.ch\/wp-content\/uploads\/2024\/07\/Beachfeld-topdown-scaled.jpeg","datePublished":"2024-07-13T21:02:07+00:00","dateModified":"2025-10-06T18:48:34+00:00","breadcrumb":{"@id":"https:\/\/joschwa.ch\/index.php\/beachfeld\/#breadcrumb"},"inLanguage":"de-CH","potentialAction":[{"@type":"ReadAction","target":["https:\/\/joschwa.ch\/index.php\/beachfeld\/"]}]},{"@type":"ImageObject","inLanguage":"de-CH","@id":"https:\/\/joschwa.ch\/index.php\/beachfeld\/#primaryimage","url":"https:\/\/joschwa.ch\/wp-content\/uploads\/2024\/07\/Beachfeld-topdown-scaled.jpeg","contentUrl":"https:\/\/joschwa.ch\/wp-content\/uploads\/2024\/07\/Beachfeld-topdown-scaled.jpeg","width":2560,"height":1920,"caption":"DCIM\\100MEDIA\\DJI_0399.JPG"},{"@type":"BreadcrumbList","@id":"https:\/\/joschwa.ch\/index.php\/beachfeld\/#breadcrumb","itemListElement":[{"@type":"ListItem","position":1,"name":"Startseite","item":"https:\/\/joschwa.ch\/"},{"@type":"ListItem","position":2,"name":"Beachfeld"}]},{"@type":"WebSite","@id":"https:\/\/joschwa.ch\/#website","url":"https:\/\/joschwa.ch\/","name":"Volley Joschwa","description":"dein regionaler Volleyballverein","publisher":{"@id":"https:\/\/joschwa.ch\/#organization"},"alternateName":"Volleyballverein in der Ostschweiz","potentialAction":[{"@type":"SearchAction","target":{"@type":"EntryPoint","urlTemplate":"https:\/\/joschwa.ch\/?s={search_term_string}"},"query-input":{"@type":"PropertyValueSpecification","valueRequired":true,"valueName":"search_term_string"}}],"inLanguage":"de-CH"},{"@type":"Organization","@id":"https:\/\/joschwa.ch\/#organization","name":"Volley Joschwa","url":"https:\/\/joschwa.ch\/","logo":{"@type":"ImageObject","inLanguage":"de-CH","@id":"https:\/\/joschwa.ch\/#\/schema\/logo\/image\/","url":"https:\/\/joschwa.sebi-it.ch\/wp-content\/uploads\/2024\/05\/cropped-Joschwa-Logo.png","contentUrl":"https:\/\/joschwa.sebi-it.ch\/wp-content\/uploads\/2024\/05\/cropped-Joschwa-Logo.png","width":512,"height":512,"caption":"Volley Joschwa"},"image":{"@id":"https:\/\/joschwa.ch\/#\/schema\/logo\/image\/"}}]}},"_links":{"self":[{"href":"https:\/\/joschwa.ch\/index.php\/wp-json\/wp\/v2\/pages\/44","targetHints":{"allow":["GET"]}}],"collection":[{"href":"https:\/\/joschwa.ch\/index.php\/wp-json\/wp\/v2\/pages"}],"about":[{"href":"https:\/\/joschwa.ch\/index.php\/wp-json\/wp\/v2\/types\/page"}],"author":[{"embeddable":true,"href":"https:\/\/joschwa.ch\/index.php\/wp-json\/wp\/v2\/users\/1"}],"replies":[{"embeddable":true,"href":"https:\/\/joschwa.ch\/index.php\/wp-json\/wp\/v2\/comments?post=44"}],"version-history":[{"count":7,"href":"https:\/\/joschwa.ch\/index.php\/wp-json\/wp\/v2\/pages\/44\/revisions"}],"predecessor-version":[{"id":189,"href":"https:\/\/joschwa.ch\/index.php\/wp-json\/wp\/v2\/pages\/44\/revisions\/189"}],"wp:featuredmedia":[{"embeddable":true,"href":"https:\/\/joschwa.ch\/index.php\/wp-json\/wp\/v2\/media\/45"}],"wp:attachment":[{"href":"https:\/\/joschwa.ch\/index.php\/wp-json\/wp\/v2\/media?parent=44"}],"curies":[{"name":"wp","href":"https:\/\/api.w.org\/{rel}","templated":true}]}}